{"id":52,"date":"2020-04-22T00:18:30","date_gmt":"2020-04-21T22:18:30","guid":{"rendered":"http:\/\/chmaraimprov.com\/?page_id=52"},"modified":"2020-04-29T01:08:22","modified_gmt":"2020-04-28T23:08:22","slug":"improwizacja-w-biznesie","status":"publish","type":"page","link":"http:\/\/chmaraimprov.com\/index.php\/pl\/warsztaty\/improwizacja-w-biznesie\/","title":{"rendered":"Improwizacja w Biznesie"},"content":{"rendered":"\n<div class=\"wp-block-columns has-2-columns\">\n<div class=\"wp-block-column\">\n<p><\/p>\n<\/div>\n\n\n\n<div class=\"wp-block-column\"><\/div>\n<\/div>\n\n\n\n<p><em><strong>Zaszli\u015bcie\ntak daleko w biznesie,a jednak wci\u0105\u017c brakuje stu procentowej\numiej\u0119tno\u015bci  s\u0142uchania, wsp\u00f3\u0142pracy, reakcji na niepowodzenia,\nczy dostosowania si\u0119, gdy stanie si\u0119 co\u015b nieoczekiwanego?<\/strong><\/em><\/p>\n\n\n\n<h3><strong>Improwizuj w Biznesie<\/strong><\/h3>\n\n\n\n<p>Warsztat, kt\u00f3ry mo\u017ce przekszta\u0142ci\u0107 Twoje miejsce pracy w dynamiczn\u0105 firm\u0119 innowacji i kreatywno\u015bci. Natychmiast skorzystasz z: ja\u015bniejszej komunikacji, kt\u00f3ra przecina kulturowe i hierarchiczne nastawienie; pozytywne nastawienie do wsp\u00f3\u0142pracy, kt\u00f3re nie ingeruje w ego i poczucie odpowiedzialno\u015bci za idee; i, oczywi\u015bcie, otrzymasz trwa\u0142y produkt szkolenia przyw\u00f3dztwa i rozwoju na wysokim poziomie.<\/p>\n\n\n\n<p>Proces\nwykorzystuje moc proceduralnego uczenia si\u0119 i konkretnych \u0107wicze\u0144,\naby zapewni\u0107, \u017ce \u201edania na wynos\u201d nie tylko zostan\u0105 zachowane,\nale tak\u017ce b\u0119d\u0105 odnosi\u0107 si\u0119 konkretnie do Twojej firmy w celu\nzapewnienia wi\u0119kszej retencji i upowszechnienia. Kr\u00f3tko m\u00f3wi\u0105c,\nprzyjemne warsztaty korporacyjne <strong>\u201eImprowizuj\nw Biznesie\u201d<\/strong>ucz\u0105\npowa\u017cnych umiej\u0119tno\u015bci biznesowych, wykorzystuj\u0105c sprawdzone\n\u0107wiczenia i techniki, aby da\u0107 Tobie i Twojemu zespo\u0142owi narz\u0119dzia\npotrzebne do lepszego, szybszego i szcz\u0119\u015bliwszego wykonywania\nzada\u0144.<\/p>\n\n\n\n<h3><strong>Co zyskasz dzi\u0119ki warsztatom:<\/strong><\/h3>\n\n\n\n<ul><li>Aktywne\n\ts\u0142uchanie\n\t&#8211; Odpowiadanie na to, co zosta\u0142o powiedziane, a nie to, co chcesz\n\tpowiedzie\u0107\n\t<\/li><li>Podejmowanie\n\tinicjatywy jako komunikator i zatwierdzanie innych inicjatyw w\n\tzespole\n\t<\/li><li>Korzystanie\n\tz techniki &#8222;Tak i &#8230;&#8221;, aby wnosi\u0107 wk\u0142ad i budowa\u0107 na\n\tinnych pomys\u0142ach w grupie\n\t<\/li><li>U\u017cywanie\n\tZbie\u017cnego i Rozbie\u017cnego My\u015blenia w zespole do rozwi\u0105zania\n\tproblem\u00f3w\n\t<\/li><li>Podejmowanie\n\tszybszych decyzji bez l\u0119ku porazki\n<\/li><\/ul>\n\n\n\n<ul><li>Wykorzystanie\n\tkreatywno\u015bci stosowanej do innowacji i rozwoju firmy\n\t<\/li><li>Korzystanie\n\tz filozofii &#8222;Ensemble&#8221; w celu budowania wspieraj\u0105cych i\n\tsp\u00f3jnych zespo\u0142\u00f3w\n\t<\/li><li>I\n\twi\u0119cej\u2026\n<\/li><\/ul>\n\n\n\n<p>Programy\ns\u0105 specjalnie ukierunkowane na popraw\u0119 wynik\u00f3w indywidualnych i\nzespo\u0142owych, a tak\u017ce na umiej\u0119tno\u015bci wykonawcze.<\/p>\n\n\n\n<p>Ka\u017cdy\nprogram jest unikalnie zaprojektowany, aby spe\u0142ni\u0107 Twoje cele przy\nu\u017cyciu  kombinacji  i sprawdzonych narz\u0119dzi, \u0107wicze\u0144, r\u00f3l i\ndostosowanych dyskusji.<\/p>\n\n\n\n<p>Skupiam\nsi\u0119 na pomaganiu grupie w nawi\u0105zaniu bardziej swobodnej, bardziej\notwartej formy komunikacji ze sob\u0105 i z klientami.<\/p>\n\n\n\n<p>Tworz\u0119\nzabawne, bezpieczne i wygodne \u015brodowisko, w kt\u00f3rym ka\u017cdy mo\u017ce\n\u0107wiczy\u0107 swoje nowe umiej\u0119tno\u015bci przed wprowadzeniem ich do\nrzeczywistego zastosowania w pracy.<\/p>\n\n\n\n<p><strong>Podczas\nwarsztat\u00f3w pracujemy nad:<\/strong><\/p>\n\n\n\n<ul><li>Budowaniem zespo\u0142u by z \u0142atwo\u015bci\u0105 radzi\u0142 sobie ze zmianami,przezwyci\u0119\u017ca\u0142 b\u0142\u0119d\u00f3w i radzi\u0142 sobie z r\u00f3\u017cnorodno\u015bci\u0105,promocj\u0105  innowacyjno\u015bci,a tak\u017ce zwi\u0119kszaniem morali) <\/li><li>Wyst\u0105pieniami publicznymi i prezentacj\u0105( praca nad emisj\u0105 g\u0142osu, story tellingiem, mow\u0105 cia\u0142a) <\/li><\/ul>\n\n\n\n<p><strong>Kr\u00f3tkie\nwarsztaty &#8222;Tester&#8221;<\/strong><\/p>\n\n\n\n<p>Zwykle\nw ci\u0105gu 1-2 godzin nasze warsztaty &#8222;degustacyjne&#8221; s\u0105\n\u015bwietnym sposobem dla Ciebie i Twojego zespo\u0142u, aby dowiedzie\u0107\nsi\u0119, na czym polega wyj\u0105tkowe szkolenie <strong>\u201eImprowizuj\nw Biznesie\u201d<\/strong>\ni co ma do zaoferowania, niezale\u017cnie od tego, czy szukasz powa\u017cnych\nwarsztat\u00f3w, czy po prostu integracji zespo\u0142u.<\/p>\n\n\n\n<p><strong>P\u00f3\u0142\ndniowe warsztaty<\/strong><\/p>\n\n\n\n<p>Zwykle\nw ci\u0105gu 3-4 godzin mo\u017cemy obj\u0105\u0107 wi\u0119cej terytorium i dostarczy\u0107\ndodatkowe  narz\u0119dzia dla lepszej komunikacji, wsp\u00f3\u0142pracy i innych.\nA dzi\u0119ki dodatkowemu czasowi mo\u017cemy zapewni\u0107, \u017ce oferta firmy\njest  trwalsza.<\/p>\n\n\n\n<p><strong>Ca\u0142odniowe\nwarsztaty<\/strong><\/p>\n\n\n\n<p>Zwykle\noko\u0142o 6 godzin (lub d\u0142u\u017cej, roz\u0142o\u017conych na kilka dni), mo\u017cemy\nintensywnie zag\u0142\u0119bi\u0107 si\u0119 we wszystko, co ma do zaoferowania\nszkolenie z zakresu <strong>\u201eImprowizuj\nw Biznesie\u201d<\/strong>\nw tym narz\u0119dzia do innowacji, zajmuj\u0105ce si\u0119 stanem a wzrostem i\nrealnym rozwi\u0105zywaniem problem\u00f3w biznesowych.<\/p>\n\n\n\n<blockquote class=\"wp-block-quote\"><p><em><strong>Wszyscy uczymy si\u0119 czyta\u0107, pisa\u0107 i m\u00f3wi\u0107, ale nikt nas nie uczy, jak s\u0142ucha\u0107. Lepszy trening da ci t\u0119 umiej\u0119tno\u015b\u0107 i wiele wi\u0119cej.<\/strong><\/em><\/p><\/blockquote>\n","protected":false},"excerpt":{"rendered":"<p>Zaszli\u015bcie tak daleko w biznesie,a jednak wci\u0105\u017c brakuje stu procentowej umiej\u0119tno\u015bci s\u0142uchania, wsp\u00f3\u0142pracy, reakcji na niepowodzenia, czy dostosowania si\u0119, gdy stanie si\u0119 co\u015b nieoczekiwanego? Improwizuj w Biznesie Warsztat, kt\u00f3ry mo\u017ce przekszta\u0142ci\u0107 Twoje miejsce pracy w dynamiczn\u0105 firm\u0119 innowacji i kreatywno\u015bci. Natychmiast skorzystasz z: ja\u015bniejszej komunikacji, kt\u00f3ra przecina kulturowe i hierarchiczne nastawienie; pozytywne nastawienie do wsp\u00f3\u0142pracy, [&hellip;]<\/p>\n","protected":false},"author":1,"featured_media":0,"parent":33,"menu_order":1,"comment_status":"closed","ping_status":"closed","template":"","meta":[],"_links":{"self":[{"href":"http:\/\/chmaraimprov.com\/index.php\/wp-json\/wp\/v2\/pages\/52"}],"collection":[{"href":"http:\/\/chmaraimprov.com\/index.php\/wp-json\/wp\/v2\/pages"}],"about":[{"href":"http:\/\/chmaraimprov.com\/index.php\/wp-json\/wp\/v2\/types\/page"}],"author":[{"embeddable":true,"href":"http:\/\/chmaraimprov.com\/index.php\/wp-json\/wp\/v2\/users\/1"}],"replies":[{"embeddable":true,"href":"http:\/\/chmaraimprov.com\/index.php\/wp-json\/wp\/v2\/comments?post=52"}],"version-history":[{"count":7,"href":"http:\/\/chmaraimprov.com\/index.php\/wp-json\/wp\/v2\/pages\/52\/revisions"}],"predecessor-version":[{"id":222,"href":"http:\/\/chmaraimprov.com\/index.php\/wp-json\/wp\/v2\/pages\/52\/revisions\/222"}],"up":[{"embeddable":true,"href":"http:\/\/chmaraimprov.com\/index.php\/wp-json\/wp\/v2\/pages\/33"}],"wp:attachment":[{"href":"http:\/\/chmaraimprov.com\/index.php\/wp-json\/wp\/v2\/media?parent=52"}],"curies":[{"name":"wp","href":"https:\/\/api.w.org\/{rel}","templated":true}]}}