{"id":50,"date":"2020-04-22T00:12:57","date_gmt":"2020-04-21T22:12:57","guid":{"rendered":"http:\/\/chmaraimprov.com\/?page_id=50"},"modified":"2020-04-28T23:52:54","modified_gmt":"2020-04-28T21:52:54","slug":"improwizacja-w-pracy-trenera","status":"publish","type":"page","link":"http:\/\/chmaraimprov.com\/index.php\/pl\/warsztaty\/improwizacja-w-pracy-trenera\/","title":{"rendered":"Improwizacja w pracy trenera"},"content":{"rendered":"\n<figure class=\"wp-block-image\"><img alt=\"\"\/><\/figure>\n\n\n\n<p>Improwizacja pomaga\nobudzi\u0107 w sobie spontaniczno\u015b\u0107, wzmocni\u0107 pewno\u015b\u0107\nsiebie,zbudowa\u0107 relacj\u0119 w zespole, zwi\u0119kszy\u0107 kreatywno\u015b\u0107,\nosi\u0105gn\u0105\u0107 swobod\u0119 w publicznych przem\u00f3wieniach,usprawni\u0107 reakcje\ni mno\u017cy\u0107 sukcesy zawodowe.<\/p>\n\n\n\n<p>Warsztaty z praktycznej\nimprowizacji pozwala skutecznie dzia\u0142a\u0107, kiedy znajdziemy si\u0119 w\nsytuacjach w kt\u00f3rych musimy  liczy\u0107 na siebie i reagowa\u0107 na\notoczenie. \n<\/p>\n\n\n\n<p>Kurs obejmuje: <\/p>\n\n\n\n<p>&#8211; Poszerzenie warsztatu trenera<\/p>\n\n\n\n<p>&#8211; \u0106wiczenia na skupienie uwagi, spotaniczne zmiany, czy \u201eczucia grupy\u201d, a tak\u017ce a wyzwolenie i stymuacj\u0119 kreatywno\u015bci.<\/p>\n\n\n\n<p>&#8211; Doskonalenie\nelastycznego prowadzenia szkole\u0144 z u\u017cyciem technik improwizacji<\/p>\n\n\n\n<p>Nie b\u00f3j si\u0119 by\u0107\nnieprzygotowany otw\u00f3rz sw\u00f3j umys\u0142 na nowe i nieznane.<\/p>\n","protected":false},"excerpt":{"rendered":"<p>Improwizacja pomaga obudzi\u0107 w sobie spontaniczno\u015b\u0107, wzmocni\u0107 pewno\u015b\u0107 siebie,zbudowa\u0107 relacj\u0119 w zespole, zwi\u0119kszy\u0107 kreatywno\u015b\u0107, osi\u0105gn\u0105\u0107 swobod\u0119 w publicznych przem\u00f3wieniach,usprawni\u0107 reakcje i mno\u017cy\u0107 sukcesy zawodowe. Warsztaty z praktycznej improwizacji pozwala skutecznie dzia\u0142a\u0107, kiedy znajdziemy si\u0119 w sytuacjach w kt\u00f3rych musimy liczy\u0107 na siebie i reagowa\u0107 na otoczenie. Kurs obejmuje: &#8211; Poszerzenie warsztatu trenera &#8211; \u0106wiczenia na [&hellip;]<\/p>\n","protected":false},"author":1,"featured_media":0,"parent":33,"menu_order":2,"comment_status":"closed","ping_status":"closed","template":"","meta":[],"_links":{"self":[{"href":"http:\/\/chmaraimprov.com\/index.php\/wp-json\/wp\/v2\/pages\/50"}],"collection":[{"href":"http:\/\/chmaraimprov.com\/index.php\/wp-json\/wp\/v2\/pages"}],"about":[{"href":"http:\/\/chmaraimprov.com\/index.php\/wp-json\/wp\/v2\/types\/page"}],"author":[{"embeddable":true,"href":"http:\/\/chmaraimprov.com\/index.php\/wp-json\/wp\/v2\/users\/1"}],"replies":[{"embeddable":true,"href":"http:\/\/chmaraimprov.com\/index.php\/wp-json\/wp\/v2\/comments?post=50"}],"version-history":[{"count":2,"href":"http:\/\/chmaraimprov.com\/index.php\/wp-json\/wp\/v2\/pages\/50\/revisions"}],"predecessor-version":[{"id":192,"href":"http:\/\/chmaraimprov.com\/index.php\/wp-json\/wp\/v2\/pages\/50\/revisions\/192"}],"up":[{"embeddable":true,"href":"http:\/\/chmaraimprov.com\/index.php\/wp-json\/wp\/v2\/pages\/33"}],"wp:attachment":[{"href":"http:\/\/chmaraimprov.com\/index.php\/wp-json\/wp\/v2\/media?parent=50"}],"curies":[{"name":"wp","href":"https:\/\/api.w.org\/{rel}","templated":true}]}}