{"id":468,"date":"2021-05-06T01:28:50","date_gmt":"2021-05-05T23:28:50","guid":{"rendered":"http:\/\/chmaraimprov.com\/?page_id=468"},"modified":"2021-05-06T01:34:35","modified_gmt":"2021-05-05T23:34:35","slug":"moje-wewnetrzne-dziecko","status":"publish","type":"page","link":"http:\/\/chmaraimprov.com\/index.php\/pl\/warsztaty\/warsztaty-teatralne-i-improwizacji\/moje-wewnetrzne-dziecko\/","title":{"rendered":"Moje wewn\u0119trzne dziecko"},"content":{"rendered":"\n<p>Znalezienie swojego wewn\u0119trznego dziecka mo\u017ce pom\u00f3c ci by\u0107 bardziej zabawnym, kreatywnym i da\u0107 ci \u017ar\u00f3d\u0142o si\u0142y na scenie.<br><br>Podczas tego warsztatu postaramy si\u0119 przyjrze\u0107 naszym do\u015bwiadczeniom i uczuciom jako dziecka, na kt\u00f3rych si\u0119 skupimy<br><br>\u2022 Wiedza, umiej\u0119tno\u015bci<br>\u2022 S\u0142uchanie<br>\u2022 Otwarto\u015b\u0107<br>\u2022 Nieokie\u0142zana rado\u015b\u0107 tworzenia<\/p>\n\n\n\n<p>Uwolnij swoje wewn\u0119trzne dziecko!<\/p>\n\n\n\n<p><\/p>\n","protected":false},"excerpt":{"rendered":"<p>Znalezienie swojego wewn\u0119trznego dziecka mo\u017ce pom\u00f3c ci by\u0107 bardziej zabawnym, kreatywnym i da\u0107 ci \u017ar\u00f3d\u0142o si\u0142y na scenie. Podczas tego warsztatu postaramy si\u0119 przyjrze\u0107 naszym do\u015bwiadczeniom i uczuciom jako dziecka, na kt\u00f3rych si\u0119 skupimy \u2022 Wiedza, umiej\u0119tno\u015bci\u2022 S\u0142uchanie\u2022 Otwarto\u015b\u0107\u2022 Nieokie\u0142zana rado\u015b\u0107 tworzenia Uwolnij swoje wewn\u0119trzne dziecko!<\/p>\n","protected":false},"author":1,"featured_media":0,"parent":118,"menu_order":11,"comment_status":"closed","ping_status":"closed","template":"","meta":[],"_links":{"self":[{"href":"http:\/\/chmaraimprov.com\/index.php\/wp-json\/wp\/v2\/pages\/468"}],"collection":[{"href":"http:\/\/chmaraimprov.com\/index.php\/wp-json\/wp\/v2\/pages"}],"about":[{"href":"http:\/\/chmaraimprov.com\/index.php\/wp-json\/wp\/v2\/types\/page"}],"author":[{"embeddable":true,"href":"http:\/\/chmaraimprov.com\/index.php\/wp-json\/wp\/v2\/users\/1"}],"replies":[{"embeddable":true,"href":"http:\/\/chmaraimprov.com\/index.php\/wp-json\/wp\/v2\/comments?post=468"}],"version-history":[{"count":3,"href":"http:\/\/chmaraimprov.com\/index.php\/wp-json\/wp\/v2\/pages\/468\/revisions"}],"predecessor-version":[{"id":472,"href":"http:\/\/chmaraimprov.com\/index.php\/wp-json\/wp\/v2\/pages\/468\/revisions\/472"}],"up":[{"embeddable":true,"href":"http:\/\/chmaraimprov.com\/index.php\/wp-json\/wp\/v2\/pages\/118"}],"wp:attachment":[{"href":"http:\/\/chmaraimprov.com\/index.php\/wp-json\/wp\/v2\/media?parent=468"}],"curies":[{"name":"wp","href":"https:\/\/api.w.org\/{rel}","templated":true}]}}