{"id":422,"date":"2020-08-03T20:12:05","date_gmt":"2020-08-03T18:12:05","guid":{"rendered":"http:\/\/chmaraimprov.com\/?page_id=422"},"modified":"2021-05-06T01:24:47","modified_gmt":"2021-05-05T23:24:47","slug":"profesjonalne-przygotowanie-do-egzaminow-na-studia-aktorskie","status":"publish","type":"page","link":"http:\/\/chmaraimprov.com\/index.php\/pl\/warsztaty\/warsztaty-teatralne-i-improwizacji\/profesjonalne-przygotowanie-do-egzaminow-na-studia-aktorskie\/","title":{"rendered":"Profesjonalne przygotowanie do egzamin\u00f3w na studia aktorskie"},"content":{"rendered":"\n<p><strong>Pakiet Mini <\/strong><\/p>\n\n\n\n<p>8 lekcji w miesi\u0105cu<\/p>\n\n\n\n<p>2 godziny tygodniowo<\/p>\n\n\n\n<p>1. \u0106wiczenia dykcji, emisja g\u0142osu<\/p>\n\n\n\n<p>2. Praca nad interpretacj\u0105 tekst\u00f3w<\/p>\n\n\n\n<p><strong>Pakiet Maxi<\/strong><\/p>\n\n\n\n<p>16 lekcji w miesi\u0105cu<\/p>\n\n\n\n<p>4 godziny tygodniowo<\/p>\n\n\n\n<p>1. \u0106wiczenia dykcji, emisja g\u0142osu,<\/p>\n\n\n\n<p>2. Impostacja<\/p>\n\n\n\n<p>3. Praca nad interpretacj\u0105 tekst\u00f3w<\/p>\n\n\n\n<p>4. Praca nad interpretacja piosenek<\/p>\n\n\n\n<p><strong>Indywidualne konsultacje<\/strong><\/p>\n","protected":false},"excerpt":{"rendered":"<p>Pakiet Mini 8 lekcji w miesi\u0105cu 2 godziny tygodniowo 1. \u0106wiczenia dykcji, emisja g\u0142osu 2. Praca nad interpretacj\u0105 tekst\u00f3w Pakiet Maxi 16 lekcji w miesi\u0105cu 4 godziny tygodniowo 1. \u0106wiczenia dykcji, emisja g\u0142osu, 2. Impostacja 3. Praca nad interpretacj\u0105 tekst\u00f3w 4. Praca nad interpretacja piosenek Indywidualne konsultacje<\/p>\n","protected":false},"author":1,"featured_media":0,"parent":118,"menu_order":0,"comment_status":"closed","ping_status":"closed","template":"","meta":[],"_links":{"self":[{"href":"http:\/\/chmaraimprov.com\/index.php\/wp-json\/wp\/v2\/pages\/422"}],"collection":[{"href":"http:\/\/chmaraimprov.com\/index.php\/wp-json\/wp\/v2\/pages"}],"about":[{"href":"http:\/\/chmaraimprov.com\/index.php\/wp-json\/wp\/v2\/types\/page"}],"author":[{"embeddable":true,"href":"http:\/\/chmaraimprov.com\/index.php\/wp-json\/wp\/v2\/users\/1"}],"replies":[{"embeddable":true,"href":"http:\/\/chmaraimprov.com\/index.php\/wp-json\/wp\/v2\/comments?post=422"}],"version-history":[{"count":1,"href":"http:\/\/chmaraimprov.com\/index.php\/wp-json\/wp\/v2\/pages\/422\/revisions"}],"predecessor-version":[{"id":423,"href":"http:\/\/chmaraimprov.com\/index.php\/wp-json\/wp\/v2\/pages\/422\/revisions\/423"}],"up":[{"embeddable":true,"href":"http:\/\/chmaraimprov.com\/index.php\/wp-json\/wp\/v2\/pages\/118"}],"wp:attachment":[{"href":"http:\/\/chmaraimprov.com\/index.php\/wp-json\/wp\/v2\/media?parent=422"}],"curies":[{"name":"wp","href":"https:\/\/api.w.org\/{rel}","templated":true}]}}