{"id":2,"date":"2020-02-19T10:42:18","date_gmt":"2020-02-19T09:42:18","guid":{"rendered":"http:\/\/chmaraimprov.com\/?page_id=2"},"modified":"2024-05-21T20:02:37","modified_gmt":"2024-05-21T18:02:37","slug":"page-d-exemple","status":"publish","type":"page","link":"http:\/\/chmaraimprov.com\/index.php\/pl\/page-d-exemple\/","title":{"rendered":"O mnie"},"content":{"rendered":"\n<p>\nKatarzyna\nChmara to aktorka, artystka, wyk\u0142adowczyni i nauczycielka. \n<\/p>\n\n\n\n<p>Jestem Kasia, jestem polsk\u0105 aktork\u0105 i improwizatork\u0105. Uko\u0144czy\u0142am studia doktoranckie w zakresie sztuki tworzenia postaci na podstawie scenariusza poprzez techniki improwizacji w Mi\u0119dzynarodowej Szkole Filmowej, Teatralnej i Telewizyjnej w \u0141odzi, jestem pedagogiem i wyst\u0119puj\u0119 z wieloma grupami improwizowanymi, m.in. z duetem \u201eTwo Sisters\u201d, \u201e One\u201d, a tak\u017ce europejski projekt improwizowany \u201eOhana\u201d, \u201eWhich is Which\u201d \u2013 irlandzki, polski duet oraz solowy wyst\u0119p \u201eAdventure Girl\u201d. Jestem dyrektorem programowym Improdrom &#8211; Mi\u0119dzynarodowego Festiwalu Improv w Bydgoszczy. Regularnie prowadz\u0119 warsztaty teatralne i improwizacyjne w Polsce i za granic\u0105. Od 1998 roku ucz\u0119 teatru w Polsce, Hiszpanii, Czechach, Indiach, Irlandii, S\u0142owenii, Francji, Estonii, Niemczech, \u0141otwie, Grecji, Szwecji, W\u0142oszech. Obecnie jestem aktork\u0105 Teatru Kameralnego w Bydgoszczy. Ci\u0105gle ucz\u0119 si\u0119 czego\u015b nowego poprzez kontakt z innymi lud\u017ami. Uwielbiam dzieli\u0107 si\u0119 swoim do\u015bwiadczeniem z innymi. Mam dysleksj\u0119, m\u00f3wi\u0119 szybciej ni\u017c my\u015bl\u0119. Uwielbiam przebywa\u0107 z lud\u017ami, ale uwielbiam te\u017c by\u0107 sama. Improwizacja jest dla mnie wolno\u015bci\u0105, kt\u00f3rej mog\u0119 do\u015bwiadczy\u0107 wiedz\u0105c, \u017ce dzi\u0119ki niej tak\u017ce mog\u0119 twardo st\u0105pa\u0107 po ziemi.ie. Pracuje w Teatrze Kameralnym w Bydgoszczy.  <\/p>\n\n\n\n<p>Tutaj mo\u017cecie sprawdzi\u0107 fanpejd\u017ce projekt\u00f3w, kt\u00f3rych jest cz\u0119\u015bci\u0105 w wi\u0119kszym b\u0105d\u017a mniejszym stopniu.<\/p>\n\n\n\n<ul><li><a href=\"https:\/\/teatrkameralny.com\/\" data-type=\"URL\" data-id=\"https:\/\/teatrkameralny.com\/\" target=\"_blank\" rel=\"noreferrer noopener\">Teatr Kameralny w Bydgoszczy<\/a><\/li><li><a rel=\"noreferrer noopener\" aria-label=\"WymyWammy (otwiera si\u0119 na nowej zak\u0142adce)\" href=\"https:\/\/www.facebook.com\/wymyWammy\/\" target=\"_blank\">WymyWammy<\/a><\/li><li><a rel=\"noreferrer noopener\" aria-label=\"Dwie siostry (otwiera si\u0119 na nowej zak\u0142adce)\" href=\"https:\/\/www.facebook.com\/Dwie-Siostry-Two-Sisters-impro-duo-741426129325901\/\" target=\"_blank\">Dwie siostry<\/a><\/li><li><a rel=\"noreferrer noopener\" aria-label=\"7 kobiet w r\u00f3\u017cnym wieku (otwiera si\u0119 na nowej zak\u0142adce)\" href=\"https:\/\/www.facebook.com\/7womenofdifferentages\/\" target=\"_blank\">7 kobiet w r\u00f3\u017cnym wieku<\/a><\/li><li><a rel=\"noreferrer noopener\" aria-label=\"Which is which (otwiera si\u0119 na nowej zak\u0142adce)\" href=\"https:\/\/www.facebook.com\/whichiswhichimprov\/\" target=\"_blank\">Which is which<\/a><\/li><li><a rel=\"noreferrer noopener\" aria-label=\"The allnighters (otwiera si\u0119 na nowej zak\u0142adce)\" href=\"https:\/\/www.facebook.com\/theallnighters10\/\" target=\"_blank\">The allnighters<\/a><\/li><li><a rel=\"noreferrer noopener\" aria-label=\"Project eve (otwiera si\u0119 na nowej zak\u0142adce)\" href=\"https:\/\/www.facebook.com\/projecteveimprov\/\" target=\"_blank\">Project eve<\/a><\/li><li><a rel=\"noreferrer noopener\" aria-label=\"Ohana (otwiera si\u0119 na nowej zak\u0142adce)\" href=\"https:\/\/www.facebook.com\/ohanaimpro\/\" target=\"_blank\">Ohana<\/a><\/li><li><a rel=\"noreferrer noopener\" aria-label=\"Improatak (otwiera si\u0119 na nowej zak\u0142adce)\" href=\"https:\/\/www.facebook.com\/improatak\/\" target=\"_blank\">Improatak<\/a><\/li><li><a rel=\"noreferrer noopener\" href=\"https:\/\/www.facebook.com\/ONEimpro\" data-type=\"URL\" data-id=\"https:\/\/www.facebook.com\/ONEimpro\" target=\"_blank\">One<\/a><\/li><li><a rel=\"noreferrer noopener\" href=\"https:\/\/www.facebook.com\/improdrom\" data-type=\"URL\" data-id=\"https:\/\/www.facebook.com\/improdrom\" target=\"_blank\">Improdrom<\/a><\/li><\/ul>\n\n\n\n<p>\n\u017byj\ntu i teraz, nie odk\u0142adaj  niczego na potem!<\/p>\n\n\n\n<p>\nPrzeczytajcie opinie i sami zdecydujcie czy warto podj\u0105\u0107 wsp\u00f3\u0142prac\u0119!\n\n<\/p>\n\n\n\n<blockquote class=\"wp-block-quote has-text-align-center\"><p><em>Warsztaty z Kasi\u0105 to energia, inspiracja i pozytywna wariacja\ud83d\ude03&nbsp;Z ca\u0142ego serca polecam\ud83d\udc9ePe\u0142na profeska<\/em> <\/p><p><font size=\"-1\">&#8211;  Beata K. Szkudlarek<\/font><\/p><\/blockquote>\n\n\n\n<blockquote class=\"wp-block-quote has-text-align-center is-style-default\"><p><em>Kasia is not an ordinary person, but an exceptional woman. An outstanding artist, internationally recognised improvisor and a very gifted actress. Not only active on stage, but behind the scenes &#8211; working as a teacher, coach and supervisor as she had this wonderful skill of passing on practicable knowledge to others and motivating them to become better. Original, powerful, versatile and invincible. The one and only&#8230; Katarzyna Chmara!<\/em> <\/p><p><font size=\"-1\">&#8211;  Lena Wachowiak <\/font><\/p><\/blockquote>\n\n\n\n<blockquote class=\"wp-block-quote has-text-align-center\"><p><em>Katarzyna&nbsp;traveled all the way to Bengaluru, India and she carried a beautiful vibe with her all through. Her teaching was insightful from the two workshops on Storytelling and Singing that she had taken. She can bob her head like an Indian with ease now.<\/em><\/p><p><font size=\"-1\">&#8211;  Nasir Nash<\/font><\/p><\/blockquote>\n\n\n\n<blockquote class=\"wp-block-quote has-text-align-center\"><p><em> Its  not everyday you see a performance that patiently takes you through the  chaos of relationships. A performance that makes you smile, laugh and  think. Thats what I felt when I saw the performance. Wonderful love for  the art. Katarzyna is a powerful performer and patient teacher and I  highly recommend her storytelling workshop.<\/em><\/p><p><font size=\"-1\">&#8211;  Naveen Malandro Kaushik  <\/font><\/p><\/blockquote>\n","protected":false},"excerpt":{"rendered":"<p>Katarzyna Chmara to aktorka, artystka, wyk\u0142adowczyni i nauczycielka. Jestem Kasia, jestem polsk\u0105 aktork\u0105 i improwizatork\u0105. Uko\u0144czy\u0142am studia doktoranckie w zakresie sztuki tworzenia postaci na podstawie scenariusza poprzez techniki improwizacji w Mi\u0119dzynarodowej Szkole Filmowej, Teatralnej i Telewizyjnej w \u0141odzi, jestem pedagogiem i wyst\u0119puj\u0119 z wieloma grupami improwizowanymi, m.in. z duetem \u201eTwo Sisters\u201d, \u201e One\u201d, a tak\u017ce [&hellip;]<\/p>\n","protected":false},"author":1,"featured_media":0,"parent":0,"menu_order":0,"comment_status":"closed","ping_status":"open","template":"","meta":[],"_links":{"self":[{"href":"http:\/\/chmaraimprov.com\/index.php\/wp-json\/wp\/v2\/pages\/2"}],"collection":[{"href":"http:\/\/chmaraimprov.com\/index.php\/wp-json\/wp\/v2\/pages"}],"about":[{"href":"http:\/\/chmaraimprov.com\/index.php\/wp-json\/wp\/v2\/types\/page"}],"author":[{"embeddable":true,"href":"http:\/\/chmaraimprov.com\/index.php\/wp-json\/wp\/v2\/users\/1"}],"replies":[{"embeddable":true,"href":"http:\/\/chmaraimprov.com\/index.php\/wp-json\/wp\/v2\/comments?post=2"}],"version-history":[{"count":46,"href":"http:\/\/chmaraimprov.com\/index.php\/wp-json\/wp\/v2\/pages\/2\/revisions"}],"predecessor-version":[{"id":567,"href":"http:\/\/chmaraimprov.com\/index.php\/wp-json\/wp\/v2\/pages\/2\/revisions\/567"}],"wp:attachment":[{"href":"http:\/\/chmaraimprov.com\/index.php\/wp-json\/wp\/v2\/media?parent=2"}],"curies":[{"name":"wp","href":"https:\/\/api.w.org\/{rel}","templated":true}]}}