{"id":185,"date":"2020-04-28T23:49:43","date_gmt":"2020-04-28T21:49:43","guid":{"rendered":"http:\/\/chmaraimprov.com\/?page_id=185"},"modified":"2020-04-28T23:49:43","modified_gmt":"2020-04-28T21:49:43","slug":"impro-baja","status":"publish","type":"page","link":"http:\/\/chmaraimprov.com\/index.php\/pl\/warsztaty\/warsztaty-teatralne-i-improwizacji\/impro-baja\/","title":{"rendered":"Impro Baja"},"content":{"rendered":"\n<p>\nWarsztaty dla improwizator\u00f3w, kt\u00f3re    otworz\u0105 mo\u017cliwo\u015bci \nbudowania spektaklu dla dzieci. Podczas warsztat\u00f3w zapoznasz si\u0119 z\ntechnikami  dzi\u0119ki kt\u00f3rym   wsp\u00f3lnie z najm\u0142odsz\u0105 publiczno\u015bci\u0105\n stworzycie niepowtarzalny i jedyny w swoim rodzaju spektakl. Du\u017co\nzabawy i dzieci\u0119cej rado\u015bci.<\/p>\n","protected":false},"excerpt":{"rendered":"<p>Warsztaty dla improwizator\u00f3w, kt\u00f3re otworz\u0105 mo\u017cliwo\u015bci budowania spektaklu dla dzieci. Podczas warsztat\u00f3w zapoznasz si\u0119 z technikami dzi\u0119ki kt\u00f3rym wsp\u00f3lnie z najm\u0142odsz\u0105 publiczno\u015bci\u0105 stworzycie niepowtarzalny i jedyny w swoim rodzaju spektakl. Du\u017co zabawy i dzieci\u0119cej rado\u015bci.<\/p>\n","protected":false},"author":1,"featured_media":0,"parent":118,"menu_order":8,"comment_status":"closed","ping_status":"closed","template":"","meta":[],"_links":{"self":[{"href":"http:\/\/chmaraimprov.com\/index.php\/wp-json\/wp\/v2\/pages\/185"}],"collection":[{"href":"http:\/\/chmaraimprov.com\/index.php\/wp-json\/wp\/v2\/pages"}],"about":[{"href":"http:\/\/chmaraimprov.com\/index.php\/wp-json\/wp\/v2\/types\/page"}],"author":[{"embeddable":true,"href":"http:\/\/chmaraimprov.com\/index.php\/wp-json\/wp\/v2\/users\/1"}],"replies":[{"embeddable":true,"href":"http:\/\/chmaraimprov.com\/index.php\/wp-json\/wp\/v2\/comments?post=185"}],"version-history":[{"count":1,"href":"http:\/\/chmaraimprov.com\/index.php\/wp-json\/wp\/v2\/pages\/185\/revisions"}],"predecessor-version":[{"id":186,"href":"http:\/\/chmaraimprov.com\/index.php\/wp-json\/wp\/v2\/pages\/185\/revisions\/186"}],"up":[{"embeddable":true,"href":"http:\/\/chmaraimprov.com\/index.php\/wp-json\/wp\/v2\/pages\/118"}],"wp:attachment":[{"href":"http:\/\/chmaraimprov.com\/index.php\/wp-json\/wp\/v2\/media?parent=185"}],"curies":[{"name":"wp","href":"https:\/\/api.w.org\/{rel}","templated":true}]}}