{"id":182,"date":"2020-04-28T23:48:37","date_gmt":"2020-04-28T21:48:37","guid":{"rendered":"http:\/\/chmaraimprov.com\/?page_id=182"},"modified":"2020-04-28T23:48:38","modified_gmt":"2020-04-28T21:48:38","slug":"postac-od-podstaw","status":"publish","type":"page","link":"http:\/\/chmaraimprov.com\/index.php\/pl\/warsztaty\/warsztaty-teatralne-i-improwizacji\/postac-od-podstaw\/","title":{"rendered":"Posta\u0107 od podstaw"},"content":{"rendered":"\n<p>\nIntensywne\nwarsztaty, aby krok po kroku stworzy\u0107 swoj\u0105 posta\u0107 sceniczn\u0105, bez\nwahania, \u017ce co\u015b b\u0119dzie nie tak, \u017ce twoja posta\u0107 nie b\u0119dzie\nwystarczaj\u0105co silna. Rozbudzisz swoj\u0105 wyobra\u017ani\u0119, aby podczas\ntworzenia postaci podczas spektaklu natychmiast pomy\u015blisz o ka\u017cdym\naspekcie i nadasz swojej postaci doskona\u0142y i przemy\u015blany obraz, jak\nrze\u017abiarz, stworzysz swoj\u0105 posta\u0107 od podstaw<\/p>\n","protected":false},"excerpt":{"rendered":"<p>Intensywne warsztaty, aby krok po kroku stworzy\u0107 swoj\u0105 posta\u0107 sceniczn\u0105, bez wahania, \u017ce co\u015b b\u0119dzie nie tak, \u017ce twoja posta\u0107 nie b\u0119dzie wystarczaj\u0105co silna. Rozbudzisz swoj\u0105 wyobra\u017ani\u0119, aby podczas tworzenia postaci podczas spektaklu natychmiast pomy\u015blisz o ka\u017cdym aspekcie i nadasz swojej postaci doskona\u0142y i przemy\u015blany obraz, jak rze\u017abiarz, stworzysz swoj\u0105 posta\u0107 od podstaw<\/p>\n","protected":false},"author":1,"featured_media":0,"parent":118,"menu_order":7,"comment_status":"closed","ping_status":"closed","template":"","meta":[],"_links":{"self":[{"href":"http:\/\/chmaraimprov.com\/index.php\/wp-json\/wp\/v2\/pages\/182"}],"collection":[{"href":"http:\/\/chmaraimprov.com\/index.php\/wp-json\/wp\/v2\/pages"}],"about":[{"href":"http:\/\/chmaraimprov.com\/index.php\/wp-json\/wp\/v2\/types\/page"}],"author":[{"embeddable":true,"href":"http:\/\/chmaraimprov.com\/index.php\/wp-json\/wp\/v2\/users\/1"}],"replies":[{"embeddable":true,"href":"http:\/\/chmaraimprov.com\/index.php\/wp-json\/wp\/v2\/comments?post=182"}],"version-history":[{"count":1,"href":"http:\/\/chmaraimprov.com\/index.php\/wp-json\/wp\/v2\/pages\/182\/revisions"}],"predecessor-version":[{"id":183,"href":"http:\/\/chmaraimprov.com\/index.php\/wp-json\/wp\/v2\/pages\/182\/revisions\/183"}],"up":[{"embeddable":true,"href":"http:\/\/chmaraimprov.com\/index.php\/wp-json\/wp\/v2\/pages\/118"}],"wp:attachment":[{"href":"http:\/\/chmaraimprov.com\/index.php\/wp-json\/wp\/v2\/media?parent=182"}],"curies":[{"name":"wp","href":"https:\/\/api.w.org\/{rel}","templated":true}]}}