{"id":179,"date":"2020-04-28T23:47:14","date_gmt":"2020-04-28T21:47:14","guid":{"rendered":"http:\/\/chmaraimprov.com\/?page_id=179"},"modified":"2020-04-28T23:47:14","modified_gmt":"2020-04-28T21:47:14","slug":"improv-musical","status":"publish","type":"page","link":"http:\/\/chmaraimprov.com\/index.php\/pl\/warsztaty\/warsztaty-teatralne-i-improwizacji\/improv-musical\/","title":{"rendered":"Improv Musical"},"content":{"rendered":"\n<p>Podczas\nwarsztat\u00f3w skupimy si\u0119 na emocjonalnych walorach improwizowanych\npiosenek musicalowych. B\u0119dziemy bawi\u0107 si\u0119 form\u0105, zmienia\u0107\ngatunki i a tak\u017ce eksperymentowa\u0107 z dynamik\u0105 tworzonych przez nas\npiosenek.<\/p>\n\n\n\n<p>Warsztaty\npozwol\u0105 wykorzysta\u0107 Twoje solidne podstawy improwizacji, aby\npodnosz\u0105c poprzeczk\u0119 zamieni\u0107 improwizowan\u0105 scen\u0119 w Zaczarowany\n\u015awiat Improwizowanego Musicalu.<\/p>\n\n\n\n<p>Spr\u00f3bujemy\nwsp\u00f3lnie  stworzy\u0107 format, gdzie ka\u017cdy odnajdzie cz\u0105stk\u0119 siebie!\n\n<\/p>\n","protected":false},"excerpt":{"rendered":"<p>Podczas warsztat\u00f3w skupimy si\u0119 na emocjonalnych walorach improwizowanych piosenek musicalowych. B\u0119dziemy bawi\u0107 si\u0119 form\u0105, zmienia\u0107 gatunki i a tak\u017ce eksperymentowa\u0107 z dynamik\u0105 tworzonych przez nas piosenek. Warsztaty pozwol\u0105 wykorzysta\u0107 Twoje solidne podstawy improwizacji, aby podnosz\u0105c poprzeczk\u0119 zamieni\u0107 improwizowan\u0105 scen\u0119 w Zaczarowany \u015awiat Improwizowanego Musicalu. Spr\u00f3bujemy wsp\u00f3lnie stworzy\u0107 format, gdzie ka\u017cdy odnajdzie cz\u0105stk\u0119 siebie!<\/p>\n","protected":false},"author":1,"featured_media":0,"parent":118,"menu_order":6,"comment_status":"closed","ping_status":"closed","template":"","meta":[],"_links":{"self":[{"href":"http:\/\/chmaraimprov.com\/index.php\/wp-json\/wp\/v2\/pages\/179"}],"collection":[{"href":"http:\/\/chmaraimprov.com\/index.php\/wp-json\/wp\/v2\/pages"}],"about":[{"href":"http:\/\/chmaraimprov.com\/index.php\/wp-json\/wp\/v2\/types\/page"}],"author":[{"embeddable":true,"href":"http:\/\/chmaraimprov.com\/index.php\/wp-json\/wp\/v2\/users\/1"}],"replies":[{"embeddable":true,"href":"http:\/\/chmaraimprov.com\/index.php\/wp-json\/wp\/v2\/comments?post=179"}],"version-history":[{"count":1,"href":"http:\/\/chmaraimprov.com\/index.php\/wp-json\/wp\/v2\/pages\/179\/revisions"}],"predecessor-version":[{"id":180,"href":"http:\/\/chmaraimprov.com\/index.php\/wp-json\/wp\/v2\/pages\/179\/revisions\/180"}],"up":[{"embeddable":true,"href":"http:\/\/chmaraimprov.com\/index.php\/wp-json\/wp\/v2\/pages\/118"}],"wp:attachment":[{"href":"http:\/\/chmaraimprov.com\/index.php\/wp-json\/wp\/v2\/media?parent=179"}],"curies":[{"name":"wp","href":"https:\/\/api.w.org\/{rel}","templated":true}]}}