{"id":176,"date":"2020-04-28T23:45:04","date_gmt":"2020-04-28T21:45:04","guid":{"rendered":"http:\/\/chmaraimprov.com\/?page_id=176"},"modified":"2020-04-28T23:45:04","modified_gmt":"2020-04-28T21:45:04","slug":"daj-glos-twoja-moc-na-scenie","status":"publish","type":"page","link":"http:\/\/chmaraimprov.com\/index.php\/pl\/warsztaty\/warsztaty-teatralne-i-improwizacji\/daj-glos-twoja-moc-na-scenie\/","title":{"rendered":"Daj g\u0142os &#8211; Twoja moc na scenie!"},"content":{"rendered":"\n<p>Znasz to uczucie, gdy zasycha Ci w\ngardle, a publiczno\u015b\u0107 nie s\u0142yszy co m\u00f3wisz ze sceny? Chcia\u0142by\u015b\nwyrazi\u0107 prawdziwe emocje, ale nie wiesz jak modulowa\u0107 g\u0142osem?\nDodatkowo miewasz b\u00f3le gard\u0142a i nie wiesz jak zarz\u0105dza\u0107 swoim\noddechem, by nie mie\u0107 wiecznej zadyszki? Przyjd\u017a na warsztaty, by\nto zmieni\u0107! Nauczysz si\u0119 sprawdzonych metod pracy z g\u0142osem,\nwzmocnisz swoje umiej\u0119tno\u015bci sceniczne i wzbogacisz si\u0119 o nowe\ntriki. Dodatkowo wyposa\u017cony zostaniesz w zeszyt \u0107wicze\u0144, z kt\u00f3rego\nz pewno\u015bci\u0105 b\u0119dziesz korzysta\u0142 na co dzie\u0144. Masz t\u0119 moc, znajd\u017a\nj\u0105 w sobie! Zarycz jak lew, ROAR!!!<\/p>\n","protected":false},"excerpt":{"rendered":"<p>Znasz to uczucie, gdy zasycha Ci w gardle, a publiczno\u015b\u0107 nie s\u0142yszy co m\u00f3wisz ze sceny? Chcia\u0142by\u015b wyrazi\u0107 prawdziwe emocje, ale nie wiesz jak modulowa\u0107 g\u0142osem? Dodatkowo miewasz b\u00f3le gard\u0142a i nie wiesz jak zarz\u0105dza\u0107 swoim oddechem, by nie mie\u0107 wiecznej zadyszki? Przyjd\u017a na warsztaty, by to zmieni\u0107! Nauczysz si\u0119 sprawdzonych metod pracy z g\u0142osem, [&hellip;]<\/p>\n","protected":false},"author":1,"featured_media":0,"parent":118,"menu_order":5,"comment_status":"closed","ping_status":"closed","template":"","meta":[],"_links":{"self":[{"href":"http:\/\/chmaraimprov.com\/index.php\/wp-json\/wp\/v2\/pages\/176"}],"collection":[{"href":"http:\/\/chmaraimprov.com\/index.php\/wp-json\/wp\/v2\/pages"}],"about":[{"href":"http:\/\/chmaraimprov.com\/index.php\/wp-json\/wp\/v2\/types\/page"}],"author":[{"embeddable":true,"href":"http:\/\/chmaraimprov.com\/index.php\/wp-json\/wp\/v2\/users\/1"}],"replies":[{"embeddable":true,"href":"http:\/\/chmaraimprov.com\/index.php\/wp-json\/wp\/v2\/comments?post=176"}],"version-history":[{"count":1,"href":"http:\/\/chmaraimprov.com\/index.php\/wp-json\/wp\/v2\/pages\/176\/revisions"}],"predecessor-version":[{"id":177,"href":"http:\/\/chmaraimprov.com\/index.php\/wp-json\/wp\/v2\/pages\/176\/revisions\/177"}],"up":[{"embeddable":true,"href":"http:\/\/chmaraimprov.com\/index.php\/wp-json\/wp\/v2\/pages\/118"}],"wp:attachment":[{"href":"http:\/\/chmaraimprov.com\/index.php\/wp-json\/wp\/v2\/media?parent=176"}],"curies":[{"name":"wp","href":"https:\/\/api.w.org\/{rel}","templated":true}]}}