{"id":131,"date":"2020-04-25T21:34:45","date_gmt":"2020-04-25T19:34:45","guid":{"rendered":"http:\/\/chmaraimprov.com\/?page_id=131"},"modified":"2024-05-21T20:04:10","modified_gmt":"2024-05-21T18:04:10","slug":"teatr-w-teatrze-improwizowanym","status":"publish","type":"page","link":"http:\/\/chmaraimprov.com\/index.php\/pl\/warsztaty\/warsztaty-teatralne-i-improwizacji\/teatr-w-teatrze-improwizowanym\/","title":{"rendered":"Nie ma ma\u0142ych r\u00f3l"},"content":{"rendered":"\n<p><strong>Jak oni to robi\u0105- techniki Konstantina Stanis\u0142awskiego i Michai\u0142 Czechowa<\/strong><\/p>\n\n\n\n<p>Warsztaty oparte na elementach Konstantina Stanis\u0142awskiego Michai\u0142a Czechowa, technik Miko\u0142aja Demidowa Intensywne warsztaty teatralne, kt\u00f3re pomog\u0105 odpowiedzie\u0107 na pytania: Kim jestem?, Gdzie jestem?, O kt\u00f3rej jestem?, Czego chc\u0119 i jak czy osi\u0105gn\u0119 to, czego chc\u0119?, co musz\u0119 pokona\u0107, aby osi\u0105gn\u0105\u0107 to, czego chc\u0119? Podczas tego warsztatu dowiesz si\u0119, jak znale\u017a\u0107 cel, bior\u0105c pod uwag\u0119 okoliczno\u015bci. bez wahania krok po kroku stworzysz swoj\u0105 posta\u0107 sceniczn\u0105,<\/p>\n\n\n\n<p>Dowiesz si\u0119 jak budowa\u0107 posta\u0107 wykorzystuj\u0105c techniki aktorskie. i rozwijaj swoj\u0105 wyobra\u017ani\u0119 tak, aby tworz\u0105c posta\u0107 podczas przedstawienia od razu przemy\u015ble\u0107 ka\u017cdy jej aspekt i nada\u0107 swojej postaci doskona\u0142y i przemy\u015blany wizerunek. Kiedy dojdziesz do tego punktu, mo\u017cesz zacz\u0105\u0107 my\u015ble\u0107 o \u201emagicznym je\u015bli\u201d.<\/p>\n","protected":false},"excerpt":{"rendered":"<p>Jak oni to robi\u0105- techniki Konstantina Stanis\u0142awskiego i Michai\u0142 Czechowa Warsztaty oparte na elementach Konstantina Stanis\u0142awskiego Michai\u0142a Czechowa, technik Miko\u0142aja Demidowa Intensywne warsztaty teatralne, kt\u00f3re pomog\u0105 odpowiedzie\u0107 na pytania: Kim jestem?, Gdzie jestem?, O kt\u00f3rej jestem?, Czego chc\u0119 i jak czy osi\u0105gn\u0119 to, czego chc\u0119?, co musz\u0119 pokona\u0107, aby osi\u0105gn\u0105\u0107 to, czego chc\u0119? Podczas tego [&hellip;]<\/p>\n","protected":false},"author":1,"featured_media":46,"parent":118,"menu_order":3,"comment_status":"closed","ping_status":"closed","template":"","meta":[],"_links":{"self":[{"href":"http:\/\/chmaraimprov.com\/index.php\/wp-json\/wp\/v2\/pages\/131"}],"collection":[{"href":"http:\/\/chmaraimprov.com\/index.php\/wp-json\/wp\/v2\/pages"}],"about":[{"href":"http:\/\/chmaraimprov.com\/index.php\/wp-json\/wp\/v2\/types\/page"}],"author":[{"embeddable":true,"href":"http:\/\/chmaraimprov.com\/index.php\/wp-json\/wp\/v2\/users\/1"}],"replies":[{"embeddable":true,"href":"http:\/\/chmaraimprov.com\/index.php\/wp-json\/wp\/v2\/comments?post=131"}],"version-history":[{"count":2,"href":"http:\/\/chmaraimprov.com\/index.php\/wp-json\/wp\/v2\/pages\/131\/revisions"}],"predecessor-version":[{"id":569,"href":"http:\/\/chmaraimprov.com\/index.php\/wp-json\/wp\/v2\/pages\/131\/revisions\/569"}],"up":[{"embeddable":true,"href":"http:\/\/chmaraimprov.com\/index.php\/wp-json\/wp\/v2\/pages\/118"}],"wp:featuredmedia":[{"embeddable":true,"href":"http:\/\/chmaraimprov.com\/index.php\/wp-json\/wp\/v2\/media\/46"}],"wp:attachment":[{"href":"http:\/\/chmaraimprov.com\/index.php\/wp-json\/wp\/v2\/media?parent=131"}],"curies":[{"name":"wp","href":"https:\/\/api.w.org\/{rel}","templated":true}]}}