{"id":129,"date":"2020-04-25T21:33:25","date_gmt":"2020-04-25T19:33:25","guid":{"rendered":"http:\/\/chmaraimprov.com\/?page_id=129"},"modified":"2020-04-25T21:33:26","modified_gmt":"2020-04-25T19:33:26","slug":"wez-to-poczuj","status":"publish","type":"page","link":"http:\/\/chmaraimprov.com\/index.php\/pl\/warsztaty\/warsztaty-teatralne-i-improwizacji\/wez-to-poczuj\/","title":{"rendered":"WE\u0179 TO POCZUJ!"},"content":{"rendered":"\n<p>Kiedy\nTy uwierzysz w emocje widz tak\u017ce w nie uwierzy.<\/p>\n\n\n\n<p>Warsztat\nskupiony jest na kreowaniu ca\u0142ego wachlarza postaci- od pozytywnych\ndo negatywnych. Wsp\u00f3lny trening pozwoli Ci na tworzenie\nautentycznych i pe\u0142nych emocji relacji mi\u0119dzy partnerami. B\u0119dziesz\nodnajdywa\u0142 balans, punkt krytyczny i nowy balans, dzi\u0119ki czemu\npe\u0142nokrwista i prawdziwa scena wci\u0105gnie na dobre ka\u017cdego widza!\nOdkrywaj, baw si\u0119 impro, zachwycaj! \n<\/p>\n","protected":false},"excerpt":{"rendered":"<p>Kiedy Ty uwierzysz w emocje widz tak\u017ce w nie uwierzy. Warsztat skupiony jest na kreowaniu ca\u0142ego wachlarza postaci- od pozytywnych do negatywnych. Wsp\u00f3lny trening pozwoli Ci na tworzenie autentycznych i pe\u0142nych emocji relacji mi\u0119dzy partnerami. B\u0119dziesz odnajdywa\u0142 balans, punkt krytyczny i nowy balans, dzi\u0119ki czemu pe\u0142nokrwista i prawdziwa scena wci\u0105gnie na dobre ka\u017cdego widza! Odkrywaj, [&hellip;]<\/p>\n","protected":false},"author":1,"featured_media":46,"parent":118,"menu_order":2,"comment_status":"closed","ping_status":"closed","template":"","meta":[],"_links":{"self":[{"href":"http:\/\/chmaraimprov.com\/index.php\/wp-json\/wp\/v2\/pages\/129"}],"collection":[{"href":"http:\/\/chmaraimprov.com\/index.php\/wp-json\/wp\/v2\/pages"}],"about":[{"href":"http:\/\/chmaraimprov.com\/index.php\/wp-json\/wp\/v2\/types\/page"}],"author":[{"embeddable":true,"href":"http:\/\/chmaraimprov.com\/index.php\/wp-json\/wp\/v2\/users\/1"}],"replies":[{"embeddable":true,"href":"http:\/\/chmaraimprov.com\/index.php\/wp-json\/wp\/v2\/comments?post=129"}],"version-history":[{"count":1,"href":"http:\/\/chmaraimprov.com\/index.php\/wp-json\/wp\/v2\/pages\/129\/revisions"}],"predecessor-version":[{"id":130,"href":"http:\/\/chmaraimprov.com\/index.php\/wp-json\/wp\/v2\/pages\/129\/revisions\/130"}],"up":[{"embeddable":true,"href":"http:\/\/chmaraimprov.com\/index.php\/wp-json\/wp\/v2\/pages\/118"}],"wp:featuredmedia":[{"embeddable":true,"href":"http:\/\/chmaraimprov.com\/index.php\/wp-json\/wp\/v2\/media\/46"}],"wp:attachment":[{"href":"http:\/\/chmaraimprov.com\/index.php\/wp-json\/wp\/v2\/media?parent=129"}],"curies":[{"name":"wp","href":"https:\/\/api.w.org\/{rel}","templated":true}]}}