{"id":127,"date":"2020-04-25T21:32:04","date_gmt":"2020-04-25T19:32:04","guid":{"rendered":"http:\/\/chmaraimprov.com\/?page_id=127"},"modified":"2020-04-25T21:32:44","modified_gmt":"2020-04-25T19:32:44","slug":"trenuj-forme-ponad-norme","status":"publish","type":"page","link":"http:\/\/chmaraimprov.com\/index.php\/pl\/warsztaty\/warsztaty-teatralne-i-improwizacji\/trenuj-forme-ponad-norme\/","title":{"rendered":"TRENUJ FORM\u0118 PONAD NORM\u0118"},"content":{"rendered":"\n<p>Podczas tych warsztat\u00f3w b\u0119dziemy\np\u0142ywa\u0107 w morzu impro. Scena, nawrotka, scena. Efektem b\u0119dzie\nlekko\u015b\u0107 motyla w d\u0142ugo dystansowych formach. Zaanga\u017cujesz nie\ntylko swoje cia\u0142o, ale i emocje, co u\u0142atwi ekspresj\u0119 s\u0142own\u0105 i\nuautentyczni przekaz Twojej postaci. To b\u0119dzie prawdziwy teatr\njednego aktora- czyli Ciebie \uf04a\n<\/p>\n\n\n\n<p>Warsztaty, kt\u00f3re dodadz\u0105 lekko\u015bci\nd\u0142ugiemu formatowi. Nauczysz si\u0119 p\u0142ynnie przechodzi\u0107 ze sceny w\nscen\u0119. Znajdziesz silniejsze powi\u0105zania mi\u0119dzy scenami,poprzez\ncia\u0142o, s\u0142owo, rzeczy i emocje. Twoje sceny zyskaj\u0105 teatralno\u015bci i\nautentyczno\u015bci.<\/p>\n","protected":false},"excerpt":{"rendered":"<p>Podczas tych warsztat\u00f3w b\u0119dziemy p\u0142ywa\u0107 w morzu impro. Scena, nawrotka, scena. Efektem b\u0119dzie lekko\u015b\u0107 motyla w d\u0142ugo dystansowych formach. Zaanga\u017cujesz nie tylko swoje cia\u0142o, ale i emocje, co u\u0142atwi ekspresj\u0119 s\u0142own\u0105 i uautentyczni przekaz Twojej postaci. To b\u0119dzie prawdziwy teatr jednego aktora- czyli Ciebie \uf04a Warsztaty, kt\u00f3re dodadz\u0105 lekko\u015bci d\u0142ugiemu formatowi. Nauczysz si\u0119 p\u0142ynnie przechodzi\u0107 [&hellip;]<\/p>\n","protected":false},"author":1,"featured_media":46,"parent":118,"menu_order":1,"comment_status":"closed","ping_status":"closed","template":"","meta":[],"_links":{"self":[{"href":"http:\/\/chmaraimprov.com\/index.php\/wp-json\/wp\/v2\/pages\/127"}],"collection":[{"href":"http:\/\/chmaraimprov.com\/index.php\/wp-json\/wp\/v2\/pages"}],"about":[{"href":"http:\/\/chmaraimprov.com\/index.php\/wp-json\/wp\/v2\/types\/page"}],"author":[{"embeddable":true,"href":"http:\/\/chmaraimprov.com\/index.php\/wp-json\/wp\/v2\/users\/1"}],"replies":[{"embeddable":true,"href":"http:\/\/chmaraimprov.com\/index.php\/wp-json\/wp\/v2\/comments?post=127"}],"version-history":[{"count":2,"href":"http:\/\/chmaraimprov.com\/index.php\/wp-json\/wp\/v2\/pages\/127\/revisions"}],"predecessor-version":[{"id":147,"href":"http:\/\/chmaraimprov.com\/index.php\/wp-json\/wp\/v2\/pages\/127\/revisions\/147"}],"up":[{"embeddable":true,"href":"http:\/\/chmaraimprov.com\/index.php\/wp-json\/wp\/v2\/pages\/118"}],"wp:featuredmedia":[{"embeddable":true,"href":"http:\/\/chmaraimprov.com\/index.php\/wp-json\/wp\/v2\/media\/46"}],"wp:attachment":[{"href":"http:\/\/chmaraimprov.com\/index.php\/wp-json\/wp\/v2\/media?parent=127"}],"curies":[{"name":"wp","href":"https:\/\/api.w.org\/{rel}","templated":true}]}}