{"id":124,"date":"2020-04-25T21:29:09","date_gmt":"2020-04-25T19:29:09","guid":{"rendered":"http:\/\/chmaraimprov.com\/?page_id=124"},"modified":"2020-04-25T21:30:52","modified_gmt":"2020-04-25T19:30:52","slug":"urzekla-mnie-twoja-historia","status":"publish","type":"page","link":"http:\/\/chmaraimprov.com\/index.php\/pl\/warsztaty\/warsztaty-teatralne-i-improwizacji\/urzekla-mnie-twoja-historia\/","title":{"rendered":"URZEK\u0141A MNIE TWOJA HISTORIA"},"content":{"rendered":"\n<p><em>Jakie to fascynuj\u0105ce! No, dalej!\nOpowiadaj!<\/em> &#8211; czyli warsztat z\nd\u0142ugiej formy. B\u0119dziesz szlifowa\u0142 konstruowanie ekspresowych\nscenariuszy i b\u0142yskawicznych historii ukazywanych z r\u00f3\u017cnych\nperspektyw.  Potrenujesz szybkie zmiany akcji oraz wy\u0107wiczysz\nsposoby reagowania. Poznasz podstawowe elementy opowiadania opowie\u015bci\nnarracyjnych. Uzyskasz wiedz\u0119 tajemn\u0105 w jaki spos\u00f3b zaskoczy\u0107\npubliczno\u015b\u0107,  b\u0119d\u0105c jednocze\u015bnie autentycznym na scenie.\nZg\u0142\u0119biaj\u0105c techniki prezentowane podczas warsztat\u00f3w odkryjesz jak\nnajlepiej przekaza\u0107 prawdziwe znacznie Twoich historii. Udzia\u0142 w\ntych warsztatach to najlepszy wyb\u00f3r je\u015bli chcesz w pe\u0142ni\nzainspirowa\u0107 si\u0119 do dzia\u0142ania w r\u00f3\u017cnych formatach. Do dzie\u0142a! \n<\/p>\n\n\n\n<p>Nauczysz si\u0119 jak dawa\u0107 mocne oferty, tworzy\u0107 historie, pokazywa\u0107 historie z r\u00f3\u017cnych perspektyw. Co najwa\u017cniejsze, opanujesz sztuk\u0119 szybkiego reagowania i nauczysz si\u0119 dokonywa\u0107 wybor\u00f3w na scenie. <\/p>\n\n\n\n<p>Warsztat jest inspiracj\u0105 do wielu\nformat\u00f3w, kt\u00f3re mo\u017cesz wykorzysta\u0107 opowiadaj\u0105c histori\u0119.<\/p>\n","protected":false},"excerpt":{"rendered":"<p>Jakie to fascynuj\u0105ce! No, dalej! Opowiadaj! &#8211; czyli warsztat z d\u0142ugiej formy. B\u0119dziesz szlifowa\u0142 konstruowanie ekspresowych scenariuszy i b\u0142yskawicznych historii ukazywanych z r\u00f3\u017cnych perspektyw. Potrenujesz szybkie zmiany akcji oraz wy\u0107wiczysz sposoby reagowania. Poznasz podstawowe elementy opowiadania opowie\u015bci narracyjnych. Uzyskasz wiedz\u0119 tajemn\u0105 w jaki spos\u00f3b zaskoczy\u0107 publiczno\u015b\u0107, b\u0119d\u0105c jednocze\u015bnie autentycznym na scenie. Zg\u0142\u0119biaj\u0105c techniki prezentowane podczas [&hellip;]<\/p>\n","protected":false},"author":1,"featured_media":46,"parent":118,"menu_order":0,"comment_status":"closed","ping_status":"closed","template":"","meta":[],"_links":{"self":[{"href":"http:\/\/chmaraimprov.com\/index.php\/wp-json\/wp\/v2\/pages\/124"}],"collection":[{"href":"http:\/\/chmaraimprov.com\/index.php\/wp-json\/wp\/v2\/pages"}],"about":[{"href":"http:\/\/chmaraimprov.com\/index.php\/wp-json\/wp\/v2\/types\/page"}],"author":[{"embeddable":true,"href":"http:\/\/chmaraimprov.com\/index.php\/wp-json\/wp\/v2\/users\/1"}],"replies":[{"embeddable":true,"href":"http:\/\/chmaraimprov.com\/index.php\/wp-json\/wp\/v2\/comments?post=124"}],"version-history":[{"count":2,"href":"http:\/\/chmaraimprov.com\/index.php\/wp-json\/wp\/v2\/pages\/124\/revisions"}],"predecessor-version":[{"id":223,"href":"http:\/\/chmaraimprov.com\/index.php\/wp-json\/wp\/v2\/pages\/124\/revisions\/223"}],"up":[{"embeddable":true,"href":"http:\/\/chmaraimprov.com\/index.php\/wp-json\/wp\/v2\/pages\/118"}],"wp:featuredmedia":[{"embeddable":true,"href":"http:\/\/chmaraimprov.com\/index.php\/wp-json\/wp\/v2\/media\/46"}],"wp:attachment":[{"href":"http:\/\/chmaraimprov.com\/index.php\/wp-json\/wp\/v2\/media?parent=124"}],"curies":[{"name":"wp","href":"https:\/\/api.w.org\/{rel}","templated":true}]}}