{"id":118,"date":"2020-04-25T21:16:17","date_gmt":"2020-04-25T19:16:17","guid":{"rendered":"http:\/\/chmaraimprov.com\/?page_id=118"},"modified":"2024-05-21T20:48:13","modified_gmt":"2024-05-21T18:48:13","slug":"warsztaty-teatralne-i-improwizacji","status":"publish","type":"page","link":"http:\/\/chmaraimprov.com\/index.php\/pl\/warsztaty\/warsztaty-teatralne-i-improwizacji\/","title":{"rendered":"Warsztaty teatralne i improwizacja"},"content":{"rendered":"\n<div class=\"wp-block-columns has-2-columns\">\n<div class=\"wp-block-column\">\n<div class=\"wp-block-columns has-2-columns\">\n<div class=\"wp-block-column\">\n<figure class=\"wp-block-image\"><a href=\"http:\/\/chmaraimprov.com\/index.php\/warsztaty\/warsztaty-teatralne-i-improwizacji\/urzekla-mnie-twoja-historia\/\"><img loading=\"lazy\" width=\"500\" height=\"500\" src=\"http:\/\/chmaraimprov.com\/wp-content\/uploads\/2020\/05\/urzeklamnietwojahistoria2.png\" alt=\"\" class=\"wp-image-272\" srcset=\"http:\/\/chmaraimprov.com\/wp-content\/uploads\/2020\/05\/urzeklamnietwojahistoria2.png 500w, http:\/\/chmaraimprov.com\/wp-content\/uploads\/2020\/05\/urzeklamnietwojahistoria2-150x150.png 150w, http:\/\/chmaraimprov.com\/wp-content\/uploads\/2020\/05\/urzeklamnietwojahistoria2-300x300.png 300w\" sizes=\"(max-width: 500px) 100vw, 500px\" \/><\/a><figcaption>Urzek\u0142a mnie Twoja historia<\/figcaption><\/figure>\n<\/div>\n\n\n\n<div class=\"wp-block-column\">\n<figure class=\"wp-block-image\"><a href=\"http:\/\/chmaraimprov.com\/index.php\/warsztaty\/warsztaty-teatralne-i-improwizacji\/trenuj-forme-ponad-norme\/\"><img loading=\"lazy\" width=\"500\" height=\"500\" src=\"http:\/\/chmaraimprov.com\/wp-content\/uploads\/2020\/05\/trenujforme.png\" alt=\"\" class=\"wp-image-237\" srcset=\"http:\/\/chmaraimprov.com\/wp-content\/uploads\/2020\/05\/trenujforme.png 500w, http:\/\/chmaraimprov.com\/wp-content\/uploads\/2020\/05\/trenujforme-150x150.png 150w, http:\/\/chmaraimprov.com\/wp-content\/uploads\/2020\/05\/trenujforme-300x300.png 300w\" sizes=\"(max-width: 500px) 100vw, 500px\" \/><\/a><figcaption> Trenuj form\u0119 ponad norm\u0119<\/figcaption><\/figure>\n<\/div>\n<\/div>\n\n\n\n<div class=\"wp-block-columns has-2-columns\">\n<div class=\"wp-block-column\">\n<figure class=\"wp-block-image\"><a href=\"http:\/\/chmaraimprov.com\/index.php\/warsztaty\/warsztaty-teatralne-i-improwizacji\/spiewac-kazdy-moze-mission-possible\/\"><img loading=\"lazy\" width=\"500\" height=\"500\" src=\"http:\/\/chmaraimprov.com\/wp-content\/uploads\/2020\/05\/spiewackazdymoze.png\" alt=\"\" class=\"wp-image-226\" srcset=\"http:\/\/chmaraimprov.com\/wp-content\/uploads\/2020\/05\/spiewackazdymoze.png 500w, http:\/\/chmaraimprov.com\/wp-content\/uploads\/2020\/05\/spiewackazdymoze-150x150.png 150w, http:\/\/chmaraimprov.com\/wp-content\/uploads\/2020\/05\/spiewackazdymoze-300x300.png 300w\" sizes=\"(max-width: 500px) 100vw, 500px\" \/><\/a><figcaption> \u015apiewa\u0107 ka\u017cdy mo\u017ce \u2013 MISSION POSSIBLE! <\/figcaption><\/figure>\n<\/div>\n\n\n\n<div class=\"wp-block-column\">\n<figure class=\"wp-block-image\"><a href=\"http:\/\/chmaraimprov.com\/index.php\/warsztaty\/warsztaty-teatralne-i-improwizacji\/daj-glos-twoja-moc-na-scenie\/\"><img loading=\"lazy\" width=\"500\" height=\"500\" src=\"http:\/\/chmaraimprov.com\/wp-content\/uploads\/2020\/05\/daj-g\u0142os.png\" alt=\"\" class=\"wp-image-224\" srcset=\"http:\/\/chmaraimprov.com\/wp-content\/uploads\/2020\/05\/daj-g\u0142os.png 500w, http:\/\/chmaraimprov.com\/wp-content\/uploads\/2020\/05\/daj-g\u0142os-150x150.png 150w, http:\/\/chmaraimprov.com\/wp-content\/uploads\/2020\/05\/daj-g\u0142os-300x300.png 300w\" sizes=\"(max-width: 500px) 100vw, 500px\" \/><\/a><figcaption> Daj g\u0142os \u2013 Twoja moc na scenie! <\/figcaption><\/figure>\n<\/div>\n<\/div>\n<\/div>\n\n\n\n<div class=\"wp-block-column\">\n<div class=\"wp-block-columns has-2-columns\">\n<div class=\"wp-block-column\">\n<figure class=\"wp-block-image\"><a href=\"http:\/\/chmaraimprov.com\/index.php\/warsztaty\/warsztaty-teatralne-i-improwizacji\/wez-to-poczuj\/\"><img loading=\"lazy\" width=\"500\" height=\"500\" src=\"http:\/\/chmaraimprov.com\/wp-content\/uploads\/2020\/05\/weztopoczuj.png\" alt=\"\" class=\"wp-image-242\" srcset=\"http:\/\/chmaraimprov.com\/wp-content\/uploads\/2020\/05\/weztopoczuj.png 500w, http:\/\/chmaraimprov.com\/wp-content\/uploads\/2020\/05\/weztopoczuj-150x150.png 150w, http:\/\/chmaraimprov.com\/wp-content\/uploads\/2020\/05\/weztopoczuj-300x300.png 300w\" sizes=\"(max-width: 500px) 100vw, 500px\" \/><\/a><figcaption> We\u017a to poczuj!<\/figcaption><\/figure>\n<\/div>\n\n\n\n<div class=\"wp-block-column\">\n<figure class=\"wp-block-image\"><a href=\"http:\/\/chmaraimprov.com\/index.php\/warsztaty\/warsztaty-teatralne-i-improwizacji\/teatr-w-teatrze-improwizowanym\/\"><img loading=\"lazy\" width=\"500\" height=\"500\" src=\"http:\/\/chmaraimprov.com\/wp-content\/uploads\/2020\/05\/teatr.png\" alt=\"\" class=\"wp-image-240\" srcset=\"http:\/\/chmaraimprov.com\/wp-content\/uploads\/2020\/05\/teatr.png 500w, http:\/\/chmaraimprov.com\/wp-content\/uploads\/2020\/05\/teatr-150x150.png 150w, http:\/\/chmaraimprov.com\/wp-content\/uploads\/2020\/05\/teatr-300x300.png 300w\" sizes=\"(max-width: 500px) 100vw, 500px\" \/><\/a><figcaption> Nie ma ma\u0142ych r\u00f3l<\/figcaption><\/figure>\n<\/div>\n<\/div>\n\n\n\n<div class=\"wp-block-columns has-2-columns\">\n<div class=\"wp-block-column\">\n<figure class=\"wp-block-image\"><a href=\"http:\/\/chmaraimprov.com\/index.php\/warsztaty\/warsztaty-teatralne-i-improwizacji\/improv-musical\/\"><img loading=\"lazy\" width=\"500\" height=\"500\" src=\"http:\/\/chmaraimprov.com\/wp-content\/uploads\/2020\/05\/improvmusical.png\" alt=\"\" class=\"wp-image-231\" srcset=\"http:\/\/chmaraimprov.com\/wp-content\/uploads\/2020\/05\/improvmusical.png 500w, http:\/\/chmaraimprov.com\/wp-content\/uploads\/2020\/05\/improvmusical-150x150.png 150w, http:\/\/chmaraimprov.com\/wp-content\/uploads\/2020\/05\/improvmusical-300x300.png 300w\" sizes=\"(max-width: 500px) 100vw, 500px\" \/><\/a><figcaption> Improv Musical<\/figcaption><\/figure>\n<\/div>\n\n\n\n<div class=\"wp-block-column\">\n<figure class=\"wp-block-image\"><a href=\"http:\/\/chmaraimprov.com\/index.php\/warsztaty\/warsztaty-teatralne-i-improwizacji\/postac-od-podstaw\/\"><img loading=\"lazy\" width=\"500\" height=\"500\" src=\"http:\/\/chmaraimprov.com\/wp-content\/uploads\/2020\/05\/posta\u0107-od-podstaw.png\" alt=\"\" class=\"wp-image-234\" srcset=\"http:\/\/chmaraimprov.com\/wp-content\/uploads\/2020\/05\/posta\u0107-od-podstaw.png 500w, http:\/\/chmaraimprov.com\/wp-content\/uploads\/2020\/05\/posta\u0107-od-podstaw-150x150.png 150w, http:\/\/chmaraimprov.com\/wp-content\/uploads\/2020\/05\/posta\u0107-od-podstaw-300x300.png 300w\" sizes=\"(max-width: 500px) 100vw, 500px\" \/><\/a><figcaption> Posta\u0107 od podstaw <\/figcaption><\/figure>\n<\/div>\n<\/div>\n<\/div>\n<\/div>\n\n\n\n<div class=\"wp-block-columns has-2-columns\">\n<div class=\"wp-block-column\">\n<div class=\"wp-block-columns has-2-columns\">\n<div class=\"wp-block-column\">\n<figure class=\"wp-block-image\"><a href=\"http:\/\/chmaraimprov.com\/index.php\/warsztaty\/warsztaty-teatralne-i-improwizacji\/impro-baja\/\"><img loading=\"lazy\" width=\"500\" height=\"500\" src=\"http:\/\/chmaraimprov.com\/wp-content\/uploads\/2020\/05\/improbaja.png\" alt=\"\" class=\"wp-image-228\" srcset=\"http:\/\/chmaraimprov.com\/wp-content\/uploads\/2020\/05\/improbaja.png 500w, http:\/\/chmaraimprov.com\/wp-content\/uploads\/2020\/05\/improbaja-150x150.png 150w, http:\/\/chmaraimprov.com\/wp-content\/uploads\/2020\/05\/improbaja-300x300.png 300w\" sizes=\"(max-width: 500px) 100vw, 500px\" \/><\/a><figcaption> Impro Baja<\/figcaption><\/figure>\n<\/div>\n\n\n\n<div class=\"wp-block-column\">\n<figure class=\"wp-block-image size-large\"><a href=\"http:\/\/chmaraimprov.com\/index.php\/pl\/warsztaty\/warsztaty-teatralne-i-improwizacji\/profesjonalne-przygotowanie-do-egzaminow-na-studia-aktorskie\/\"><img loading=\"lazy\" width=\"1024\" height=\"1024\" src=\"http:\/\/chmaraimprov.com\/wp-content\/uploads\/2020\/08\/chma-1024x1024.jpg\" alt=\"photo Dariusz Gackowski\" class=\"wp-image-428\"\/><\/a><figcaption>Przygotowanie do egzamin\u00f3w<\/figcaption><\/figure>\n\n\n\n<p><\/p>\n<\/div>\n<\/div>\n<\/div>\n\n\n\n<div class=\"wp-block-column\">\n<div class=\"wp-block-columns\">\n<div class=\"wp-block-column\">\n<figure class=\"wp-block-image size-large\"><a href=\"http:\/\/chmaraimprov.com\/index.php\/pl\/warsztaty\/warsztaty-teatralne-i-improwizacji\/moje-wewnetrzne-dziecko\/\"><img loading=\"lazy\" width=\"500\" height=\"500\" src=\"http:\/\/chmaraimprov.com\/wp-content\/uploads\/2021\/05\/wewnetrznedziecko.png\" alt=\"\" class=\"wp-image-466\" srcset=\"http:\/\/chmaraimprov.com\/wp-content\/uploads\/2021\/05\/wewnetrznedziecko.png 500w, http:\/\/chmaraimprov.com\/wp-content\/uploads\/2021\/05\/wewnetrznedziecko-300x300.png 300w, http:\/\/chmaraimprov.com\/wp-content\/uploads\/2021\/05\/wewnetrznedziecko-150x150.png 150w\" sizes=\"(max-width: 500px) 100vw, 500px\" \/><\/a><figcaption>Moje wewn\u0119trzne dziecko<\/figcaption><\/figure>\n\n\n\n<p><\/p>\n<\/div>\n\n\n\n<div class=\"wp-block-column\">\n<figure class=\"wp-block-image size-large\"><a href=\"https:\/\/chmaraimprov.com\/index.php\/warsztaty\/warsztaty-teatralne-i-improwizacji\/x-factor\"><img src=\"http:\/\/chmaraimprov.com\/wp-content\/uploads\/2020\/08\/chma-e1596479674104.jpg\" alt=\"\" class=\"wp-image-466\"\/><\/a><figcaption>X-Factor<\/figcaption><\/figure>\n\n\n\n<p><\/p>\n<\/div>\n<\/div>\n<\/div>\n<\/div>\n\n\n\n<div class=\"wp-block-columns\">\n<div class=\"wp-block-column\" style=\"flex-basis:100%\">\n<p>Je\u015bli chcesz pracowa\u0107 z czym\u015b, czego nie ma na li\u015bcie, po prostu skontaktuj si\u0119 ze mn\u0105. <br>Mog\u0119 opracowa\u0107 warsztaty dla Twojej grupy, eventowe, a tak\u017ce indywidualne!<\/p>\n<\/div>\n<\/div>\n","protected":false},"excerpt":{"rendered":"<p>Je\u015bli chcesz pracowa\u0107 z czym\u015b, czego nie ma na li\u015bcie, po prostu skontaktuj si\u0119 ze mn\u0105. Mog\u0119 opracowa\u0107 warsztaty dla Twojej grupy, eventowe, a tak\u017ce indywidualne!<\/p>\n","protected":false},"author":1,"featured_media":0,"parent":33,"menu_order":0,"comment_status":"closed","ping_status":"closed","template":"","meta":[],"_links":{"self":[{"href":"http:\/\/chmaraimprov.com\/index.php\/wp-json\/wp\/v2\/pages\/118"}],"collection":[{"href":"http:\/\/chmaraimprov.com\/index.php\/wp-json\/wp\/v2\/pages"}],"about":[{"href":"http:\/\/chmaraimprov.com\/index.php\/wp-json\/wp\/v2\/types\/page"}],"author":[{"embeddable":true,"href":"http:\/\/chmaraimprov.com\/index.php\/wp-json\/wp\/v2\/users\/1"}],"replies":[{"embeddable":true,"href":"http:\/\/chmaraimprov.com\/index.php\/wp-json\/wp\/v2\/comments?post=118"}],"version-history":[{"count":40,"href":"http:\/\/chmaraimprov.com\/index.php\/wp-json\/wp\/v2\/pages\/118\/revisions"}],"predecessor-version":[{"id":579,"href":"http:\/\/chmaraimprov.com\/index.php\/wp-json\/wp\/v2\/pages\/118\/revisions\/579"}],"up":[{"embeddable":true,"href":"http:\/\/chmaraimprov.com\/index.php\/wp-json\/wp\/v2\/pages\/33"}],"wp:attachment":[{"href":"http:\/\/chmaraimprov.com\/index.php\/wp-json\/wp\/v2\/media?parent=118"}],"curies":[{"name":"wp","href":"https:\/\/api.w.org\/{rel}","templated":true}]}}